{"id":474,"date":"2020-12-23T11:27:29","date_gmt":"2020-12-23T16:27:29","guid":{"rendered":"http:\/\/localhost\/cenesamcyp\/?page_id=474"},"modified":"2020-12-23T11:27:29","modified_gmt":"2020-12-23T16:27:29","slug":"gestion-tratamiento-y-economia-circular-de-residuos-solidos","status":"publish","type":"page","link":"https:\/\/cenesamperu.pe\/consultoria-y-proyectos\/gestion-tratamiento-y-economia-circular-de-residuos-solidos\/","title":{"rendered":"Gesti\u00f3n, tratamiento y econom\u00eda circular de residuos s\u00f3lidos"},"content":{"rendered":"","protected":false},"excerpt":{"rendered":"","protected":false},"author":1,"featured_media":0,"parent":0,"menu_order":0,"comment_status":"closed","ping_status":"closed","template":"","meta":{"footnotes":""},"class_list":["post-474","page","type-page","status-publish","hentry"],"_links":{"self":[{"href":"https:\/\/cenesamperu.pe\/consultoria-y-proyectos\/wp-json\/wp\/v2\/pages\/474","targetHints":{"allow":["GET"]}}],"collection":[{"href":"https:\/\/cenesamperu.pe\/consultoria-y-proyectos\/wp-json\/wp\/v2\/pages"}],"about":[{"href":"https:\/\/cenesamperu.pe\/consultoria-y-proyectos\/wp-json\/wp\/v2\/types\/page"}],"author":[{"embeddable":true,"href":"https:\/\/cenesamperu.pe\/consultoria-y-proyectos\/wp-json\/wp\/v2\/users\/1"}],"replies":[{"embeddable":true,"href":"https:\/\/cenesamperu.pe\/consultoria-y-proyectos\/wp-json\/wp\/v2\/comments?post=474"}],"version-history":[{"count":1,"href":"https:\/\/cenesamperu.pe\/consultoria-y-proyectos\/wp-json\/wp\/v2\/pages\/474\/revisions"}],"predecessor-version":[{"id":475,"href":"https:\/\/cenesamperu.pe\/consultoria-y-proyectos\/wp-json\/wp\/v2\/pages\/474\/revisions\/475"}],"wp:attachment":[{"href":"https:\/\/cenesamperu.pe\/consultoria-y-proyectos\/wp-json\/wp\/v2\/media?parent=474"}],"curies":[{"name":"wp","href":"https:\/\/api.w.org\/{rel}","templated":true}]}}